{"id":1573,"date":"2019-11-13T17:02:15","date_gmt":"2019-11-13T16:02:15","guid":{"rendered":"https:\/\/www.iem.eu\/home"},"modified":"2025-01-28T15:17:11","modified_gmt":"2025-01-28T14:17:11","slug":"home","status":"publish","type":"page","link":"https:\/\/www.iem.eu\/en","title":{"rendered":"Home"},"content":{"rendered":"<div class=\"wpb-content-wrapper\">[vc_row full_width=&#8221;stretch_row_content&#8221; content_placement=&#8221;middle&#8221; remove_bottom_col_margin=&#8221;true&#8221;][vc_column][\/vc_column][\/vc_row][vc_row full_width=&#8221;stretch_row&#8221; tablet_fullwidth_cols=&#8221;yes&#8221; local_scroll_id=&#8221;start&#8221;][vc_column]<div class=\"vcex-spacing wpex-w-100 wpex-clear\" style=\"height:60px;\"><\/div><div class=\"vcex-spacing wpex-w-100 wpex-clear vc_column-inner\"><\/div><h1 class=\"vcex-heading vcex-heading-plain vcex-module wpex-heading wpex-text-2xl\"><span class=\"vcex-heading-inner wpex-inline-block\"><span class=\"span-h1\">IEM F\u00f6rderTechnik<\/span> \nBusiness Units<\/span><\/h1>[\/vc_column][\/vc_row][vc_section css=&#8221;.vc_custom_1558690445118{padding-bottom: 50px !important;}&#8221;][vc_row full_width=&#8221;stretch_row_content&#8221; content_placement=&#8221;middle&#8221; column_spacing=&#8221;0px&#8221; parallax=&#8221;content-moving&#8221; parallax_image=&#8221;45&#8243; parallax_speed_bg=&#8221;2.5&#8243; remove_bottom_col_margin=&#8221;true&#8221; wpex_shape_divider_top=&#8221;triangle_asymmetrical&#8221; wpex_shape_divider_top_invert=&#8221;true&#8221; wpex_shape_divider_top_flip=&#8221;true&#8221; wpex_bg_overlay=&#8221;color&#8221; min_height=&#8221;300px&#8221; el_id=&#8221;main_banner&#8221; wpex_bg_overlay_color=&#8221;#00559f&#8221; wpex_bg_overlay_opacity=&#8221;0,65&#8243;][vc_column css=&#8221;.vc_custom_1557761156597{padding-right: 5% !important;padding-left: 5% !important;}&#8221;][\/vc_column][\/vc_row][vc_row content_placement=&#8221;middle&#8221; css=&#8221;.vc_custom_1558690674534{margin-bottom: 25px !important;}&#8221;][vc_column][vc_row_inner gap=&#8221;20&#8243; remove_bottom_col_margin=&#8221;true&#8221;][vc_column_inner width=&#8221;10\/12&#8243;][\/vc_column_inner][\/vc_row_inner]\n\t\t\t\t<p class=\"rs-p-wp-fix\"><\/p>\n\t\t\t\t<sr7-module data-alias=\"geschaeftsbereiche-der-iem-gruppe-1\" data-id=\"82\" id=\"SR7_82_1\" class=\"rs-ov-hidden\" data-version=\"6.7.51\">\n\t\t\t\t\t<sr7-adjuster><\/sr7-adjuster>\n\t\t\t\t\t<sr7-content>\n\t\t\t\t\t\t<sr7-carousel>\n\t\t\t\t\t\t<sr7-slide id=\"SR7_82_1-79\" data-key=\"79\">\n\t\t\t\t\t\t\t<sr7-bg id=\"SR7_82_1-79-6\" class=\"sr7-layer\"><noscript><img src=\"https:\/\/www.iem.eu\/wp-content\/uploads\/AdobeStock_34725756-768x512.jpg\" alt=\"\" title=\"AdobeStock_34725756\"><\/noscript><\/sr7-bg>\n\t\t\t\t\t\t\t<sr7-txt id=\"SR7_82_1-79-1\" class=\"sr7-layer\"><i class=\"fa-arrow-circle-up\"><\/i>  More about IEM F\u00f6rderTechnik\n\n<\/sr7-txt>\n\t\t\t\t\t\t\t<sr7-txt id=\"SR7_82_1-79-3\" class=\"sr7-layer\"><span class=\"foodcarousel-headline\">IEM ConveyingSystems<\/span><br\/>\nWe specialise in technologies for conveying, transport and environmental systems. Our services range from consulting and brainstorming to engineering, design and production. We have been developing sophisticated process engineering solutions for years and support you during commissioning. In addition, we offer you our after-sales service, training and modernisation options.<br\/>\n <\/a>\n <a href=\"https:\/\/www.iem.eu\/en\/branchen\" target=\"_blank\" >to the industry references<\/a><\/sr7-txt>\n\t\t\t\t\t\t\t<sr7-txt id=\"SR7_82_1-79-5\" class=\"sr7-layer\"><i class=\"fa-remove\"><\/i><\/sr7-txt>\n\t\t\t\t\t\t<\/sr7-slide>\n\t\t\t\t\t\t<sr7-slide id=\"SR7_82_1-80\" data-key=\"80\">\n\t\t\t\t\t\t\t<sr7-bg id=\"SR7_82_1-80-6\" class=\"sr7-layer\"><noscript><img src=\"https:\/\/www.iem.eu\/wp-content\/uploads\/IEM_0990-768x513.jpg\" alt=\"\" title=\"IEM_0990\"><\/noscript><\/sr7-bg>\n\t\t\t\t\t\t\t<sr7-txt id=\"SR7_82_1-80-1\" class=\"sr7-layer\"><i class=\"fa-arrow-circle-up\"><\/i> More about ROS RollenTechnik<\/sr7-txt>\n\t\t\t\t\t\t\t<sr7-txt id=\"SR7_82_1-80-3\" class=\"sr7-layer\"><span class=\"foodcarousel-headline\">ROS RollenTechnik<\/span><br\/>\nOur various types of gravity idlers as well as driven roller systems and conical idlers enable the realisation of a wide variety of conveyor and storage systems. Their dimensions and material properties are precisely matched to the requirements of the conveying task and the goods being conveyed. This means that our roller systems can be designed for virtually any application. <br\/>\n <a href=\"https:\/\/ros.eu\/en\/\" target=\"_blank\" >view ROS RollenTechnik <\/a><\/sr7-txt>\n\t\t\t\t\t\t\t<sr7-txt id=\"SR7_82_1-80-5\" class=\"sr7-layer\"><i class=\"fa-remove\"><\/i><\/sr7-txt>\n\t\t\t\t\t\t<\/sr7-slide>\n\t\t\t\t\t\t<sr7-slide id=\"SR7_82_1-82\" data-key=\"82\">\n\t\t\t\t\t\t\t<sr7-bg id=\"SR7_82_1-82-6\" class=\"sr7-layer\"><noscript><img src=\"https:\/\/www.iem.eu\/wp-content\/uploads\/AdobeStock_182053504.jpg\" alt=\"Pan AC\" title=\"AdobeStock_182053504\"><\/noscript><\/sr7-bg>\n\t\t\t\t\t\t\t<sr7-txt id=\"SR7_82_1-82-1\" class=\"sr7-layer\"><i class=\"fa-arrow-circle-up\"><\/i>  More about PAN AppliedChemistry<\/sr7-txt>\n\t\t\t\t\t\t\t<sr7-txt id=\"SR7_82_1-82-3\" class=\"sr7-layer\"><span class=\"foodcarousel-headline\">PAN Applied Chemistry<\/span><br\/>\nOur subsidiary PAN AC is a specialist for versatile heavy metal precipitants, which have been successfully used for over 25 years in the precipitation and detoxification of heavy metals, whether in the reduction of mercury emissions in the flue gas scrubbing of incineration plants, in waste water treatment in the metalworking industry, electroplating, printed circuit board production and the chemical industry.\n <a href=\"http:\/\/www.panchemie.com\/en\/\" \ntarget=\"_blank\" > <br\/>view PAN Chemie<\/a><\/sr7-txt>\n\t\t\t\t\t\t\t<sr7-txt id=\"SR7_82_1-82-5\" class=\"sr7-layer\"><i class=\"fa-remove\"><\/i><\/sr7-txt>\n\t\t\t\t\t\t<\/sr7-slide>\n\t\t\t\t\t\t<sr7-slide id=\"SR7_82_1-81\" data-key=\"81\">\n\t\t\t\t\t\t\t<sr7-bg id=\"SR7_82_1-81-7\" class=\"sr7-layer\"><noscript><img src=\"https:\/\/www.iem.eu\/wp-content\/uploads\/bild-pneumatic.jpg\" alt=\"IEM Pneumatic Handling\" title=\"IEM Pneumatic Handling\"><\/noscript><\/sr7-bg>\n\t\t\t\t\t\t\t<sr7-txt id=\"SR7_82_1-81-1\" class=\"sr7-layer\"><i class=\"fa-arrow-circle-up\"><\/i>  Mehr zur IEM PneumaticHandling<\/sr7-txt>\n\t\t\t\t\t\t\t<sr7-txt id=\"SR7_82_1-81-3\" class=\"sr7-layer\"><span class=\"foodcarousel-headline\">IEM PneumaticHandling<\/span><br\/>\nThe subsidiary of IEM F\u00f6rderTechnik is your specialist for pneumatic bulk materials handling technology. \nWe specialise in the planning, construction, assembly, maintenance and servicing of bulk materials handling systems, with a focus on pneumatic conveying systems for powdery and granular materials.\n<br\/> <a href=\"https:\/\/www.iem.eu\/en\/pneumatichandling\" target=\"_blank\" >more about IEM PneumaticHandling<\/a><\/sr7-txt>\n\t\t\t\t\t\t\t<sr7-txt id=\"SR7_82_1-81-5\" class=\"sr7-layer\"><i class=\"fa-remove\"><\/i><\/sr7-txt>\n\t\t\t\t\t\t<\/sr7-slide>\n\t\t\t\t\t\t<sr7-slide id=\"SR7_82_1-84\" data-key=\"84\">\n\t\t\t\t\t\t\t<sr7-bg id=\"SR7_82_1-84-8\" class=\"sr7-layer\"><noscript><img src=\"https:\/\/www.iem.eu\/wp-content\/uploads\/Quecksilberfrei-MEC1-768x387.png\" alt=\"Quecksilberfrei-MEC\" title=\"Quecksilberfrei-MEC\"><\/noscript><\/sr7-bg>\n\t\t\t\t\t\t\t<sr7-txt id=\"SR7_82_1-84-1\" class=\"sr7-layer\"><i class=\"fa-arrow-circle-up\"><\/i> Mehr \u00fcber MEC\n<\/sr7-txt>\n\t\t\t\t\t\t\t<sr7-txt id=\"SR7_82_1-84-3\" class=\"sr7-layer\"><span class=\"foodcarousel-headline\">MercuryEmissionControl<\/span><br\/>\nThe Mercury Emission Control Department (MEC) deals with questions concerning the measurement of Hg. Learn more about technologies for Hg reduction in flue gas, especially developed for your process.\n\nOur R&D department will be pleased to support you with expertise from the evaluation of the actual state to demo-tests with our mobile test equipment at your plant up to the realization of a turnkey large plant. Our team of experts \u2013 including Dr. Jan Sch\u00fctze - will assist you with advice.<br\/>\n <a href=\"https:\/\/www.iem.eu\/en\/mec-mercuryemissioncontrol\" target=\"_blank\">more about MEC<\/a><\/sr7-txt>\n\t\t\t\t\t\t\t<sr7-txt id=\"SR7_82_1-84-5\" class=\"sr7-layer\"><i class=\"fa-remove\"><\/i><\/sr7-txt>\n\t\t\t\t\t\t<\/sr7-slide>\n\t\t\t\t\t\t<sr7-slide id=\"SR7_82_1-83\" data-key=\"83\">\n\t\t\t\t\t\t\t<sr7-bg id=\"SR7_82_1-83-9\" class=\"sr7-layer\"><noscript><img src=\"https:\/\/www.iem.eu\/wp-content\/uploads\/MetallTechnik-Slider2.png\" alt=\"MetallTechnik\" title=\"MetallTechnik-Slider2\"><\/noscript><\/sr7-bg>\n\t\t\t\t\t\t\t<sr7-txt id=\"SR7_82_1-83-1\" class=\"sr7-layer\"><i class=\"fa-arrow-circle-up\"><\/i> Mehr zur IEM MetallTechnik\n\n<\/sr7-txt>\n\t\t\t\t\t\t\t<sr7-txt id=\"SR7_82_1-83-3\" class=\"sr7-layer\"><span class=\"foodcarousel-headline\">IEM MetallTechnik<\/span><br\/>\nMetallTechnik is your specialist and certified production company for metalworking, the manufacture of metal parts or contract manufacturing. We offer you a comprehensive portfolio of processing types for metal with highly qualified specialists and a wide range of certificates. Tailor-made, individual solutions for our customers are our speciality.\n <a href=\"https:\/\/www.iem.eu\/en\/metal-technology\" target=\"_blank\"> <br\/>more about IEM MeallTechnik<\/a><\/sr7-txt>\n\t\t\t\t\t\t\t<sr7-txt id=\"SR7_82_1-83-5\" class=\"sr7-layer\"><i class=\"fa-remove\"><\/i><\/sr7-txt>\n\t\t\t\t\t\t<\/sr7-slide>\n\t\t\t\t\t\t<sr7-slide id=\"SR7_82_1-85\" data-key=\"85\">\n\t\t\t\t\t\t\t<sr7-bg id=\"SR7_82_1-85-9\" class=\"sr7-layer\"><noscript><img src=\"https:\/\/www.iem.eu\/wp-content\/uploads\/sdfsfd.jpg\" alt=\"IEM Gittermasten\" title=\"IEM Gittermasten\"><\/noscript><\/sr7-bg>\n\t\t\t\t\t\t\t<sr7-txt id=\"SR7_82_1-85-1\" class=\"sr7-layer\"><i class=\"fa-arrow-circle-up\"><\/i> More about IEM Infrastructure & Towersolutions\n\n<\/sr7-txt>\n\t\t\t\t\t\t\t<sr7-txt id=\"SR7_82_1-85-3\" class=\"sr7-layer\"><span class=\"foodcarousel-headline\">IEM Infrastructure & Towersolutions<\/span><br\/>\nAs a well-known full-service provider for conveying technology, IEM has great expertise in steel and plant construction, as well as in the management of large-scale projects. \nIn addition to lattice towers for mobile phone antennas, our wide range of products also includes roof masts, lattice towers for wind turbines, telescopic masts, suspension towers, transmission towers and various individual solutions for turnkey projects in mast construction. <a href=\"https:\/\/www.iem.eu\/towersolutions\" target=\"_blank\"><br\/>more about IEM Infrastructure & Towersolutions<\/a><\/sr7-txt>\n\t\t\t\t\t\t\t<sr7-txt id=\"SR7_82_1-85-5\" class=\"sr7-layer\"><i class=\"fa-remove\"><\/i><\/sr7-txt>\n\t\t\t\t\t\t<\/sr7-slide>\n\t\t\t\t\t\t<sr7-slide id=\"SR7_82_1-138\" data-key=\"138\">\n\t\t\t\t\t\t<\/sr7-slide>\n\t\t\t\t\t\t<\/sr7-carousel>\n\t\t\t\t\t<\/sr7-content>\n\t\t\t\t\t<image_lists style=\"display:none\">\n\t\t\t\t\t\t<img data-src=\"\/\/www.iem.eu\/wp-content\/uploads\/Logo_IEM_FoerderTechnik_RGB_NEGATIV_50px.png\" data-libid=\"1031\" data-lib=\"medialibrary\" title=\"Logo_IEM_FoerderTechnik_RGB_NEGATIV_50px\" width=\"0\" height=\"0\" data-dbsrc=\"Ly93d3cuaWVtLmV1L3dwLWNvbnRlbnQvdXBsb2Fkcy9Mb2dvX0lFTV9Gb2VyZGVyVGVjaG5pa19SR0JfTkVHQVRJVl81MHB4LnBuZw==\"\/>\n\t\t\t\t\t\t<img data-src=\"\/\/www.iem.eu\/wp-content\/uploads\/AdobeStock_34725756-768x512.jpg\" data-libid=\"3506\" data-lib=\"medialibrary\" title=\"AdobeStock_34725756\" width=\"0\" height=\"0\" data-dbsrc=\"Ly93d3cuaWVtLmV1L3dwLWNvbnRlbnQvdXBsb2Fkcy9BZG9iZVN0b2NrXzM0NzI1NzU2LTc2OHg1MTIuanBn\"\/>\n\t\t\t\t\t\t<img data-src=\"\/\/www.iem.eu\/wp-content\/uploads\/PartnerLogo_ROS_RollenTechnik_Traporol_cmyk_negativ_weiss.png\" data-libid=\"4069\" data-lib=\"medialibrary\" alt=\"ROS RollenTechnik GmbH\" title=\"PartnerLogROS RollenTechnik GmbHo_ROS_RollenTechnik_Traporol_cmyk_negativ_wei\u00df\" width=\"0\" height=\"0\" data-dbsrc=\"Ly93d3cuaWVtLmV1L3dwLWNvbnRlbnQvdXBsb2Fkcy9QYXJ0bmVyTG9nb19ST1NfUm9sbGVuVGVjaG5pa19UcmFwb3JvbF9jbXlrX25lZ2F0aXZfd2Vpc3MucG5n\"\/>\n\t\t\t\t\t\t<img data-src=\"\/\/www.iem.eu\/wp-content\/uploads\/IEM_0990-768x513.jpg\" data-libid=\"3497\" data-lib=\"medialibrary\" title=\"IEM_0990\" width=\"0\" height=\"0\" data-dbsrc=\"Ly93d3cuaWVtLmV1L3dwLWNvbnRlbnQvdXBsb2Fkcy9JRU1fMDk5MC03Njh4NTEzLmpwZw==\"\/>\n\t\t\t\t\t\t<img data-src=\"\/\/www.iem.eu\/wp-content\/uploads\/Logo_IEM_PneumaticHandling_RGB_NEGATIV_50px.png\" data-libid=\"1046\" data-lib=\"medialibrary\" title=\"Logo_IEM_PneumaticHandling_RGB_NEGATIV_50px\" width=\"0\" height=\"0\" data-dbsrc=\"Ly93d3cuaWVtLmV1L3dwLWNvbnRlbnQvdXBsb2Fkcy9Mb2dvX0lFTV9QbmV1bWF0aWNIYW5kbGluZ19SR0JfTkVHQVRJVl81MHB4LnBuZw==\"\/>\n\t\t\t\t\t\t<img data-src=\"\/\/www.iem.eu\/wp-content\/uploads\/bild-pneumatic.jpg\" data-libid=\"3659\" data-lib=\"medialibrary\" alt=\"IEM Pneumatic Handling\" title=\"IEM Pneumatic Handling\" width=\"0\" height=\"0\" data-dbsrc=\"Ly93d3cuaWVtLmV1L3dwLWNvbnRlbnQvdXBsb2Fkcy9iaWxkLXBuZXVtYXRpYy5qcGc=\"\/>\n\t\t\t\t\t\t<img data-src=\"\/\/www.iem.eu\/wp-content\/uploads\/Logo_PAN_AppliedChemistry_RGB_NEGATIV_50px_blank.png\" data-libid=\"1053\" data-lib=\"medialibrary\" title=\"Logo_PAN_AppliedChemistry_RGB_NEGATIV_50px_blank\" width=\"0\" height=\"0\" data-dbsrc=\"Ly93d3cuaWVtLmV1L3dwLWNvbnRlbnQvdXBsb2Fkcy9Mb2dvX1BBTl9BcHBsaWVkQ2hlbWlzdHJ5X1JHQl9ORUdBVElWXzUwcHhfYmxhbmsucG5n\"\/>\n\t\t\t\t\t\t<img data-src=\"\/\/www.iem.eu\/wp-content\/uploads\/AdobeStock_182053504.jpg\" data-libid=\"3503\" data-lib=\"medialibrary\" alt=\"Pan AC\" title=\"AdobeStock_182053504\" width=\"0\" height=\"0\" data-dbsrc=\"Ly93d3cuaWVtLmV1L3dwLWNvbnRlbnQvdXBsb2Fkcy9BZG9iZVN0b2NrXzE4MjA1MzUwNC5qcGc=\"\/>\n\t\t\t\t\t\t<img data-src=\"\/\/www.iem.eu\/wp-content\/uploads\/Logo_IEM_FoerderTechnik_-Geschaeftsbereich-Metalltechnik_weiss.png\" data-libid=\"4066\" data-lib=\"medialibrary\" alt=\"IEM MetallTechnik\" title=\"Logo_IEM_FoerderTechnik_ Gesch\u00e4ftsbereich Metalltechnik_wei\u00df\" width=\"0\" height=\"0\" data-dbsrc=\"Ly93d3cuaWVtLmV1L3dwLWNvbnRlbnQvdXBsb2Fkcy9Mb2dvX0lFTV9Gb2VyZGVyVGVjaG5pa18tR2VzY2hhZWZ0c2JlcmVpY2gtTWV0YWxsdGVjaG5pa193ZWlzcy5wbmc=\"\/>\n\t\t\t\t\t\t<img data-src=\"\/\/www.iem.eu\/wp-content\/uploads\/MetallTechnik-Slider2.png\" data-libid=\"3223\" data-lib=\"medialibrary\" alt=\"MetallTechnik\" title=\"MetallTechnik-Slider2\" width=\"0\" height=\"0\" data-dbsrc=\"Ly93d3cuaWVtLmV1L3dwLWNvbnRlbnQvdXBsb2Fkcy9NZXRhbGxUZWNobmlrLVNsaWRlcjIucG5n\"\/>\n\t\t\t\t\t\t<img data-src=\"\/\/www.iem.eu\/wp-content\/uploads\/Logo_MEC_MercuryEmissionControl_RGB_NEGATIV_50px.png\" data-libid=\"1045\" data-lib=\"medialibrary\" alt=\"Logo_MEC_MercuryEmissionControl\" title=\"Logo_MEC_MercuryEmissionControl\" width=\"0\" height=\"0\" data-dbsrc=\"Ly93d3cuaWVtLmV1L3dwLWNvbnRlbnQvdXBsb2Fkcy9Mb2dvX01FQ19NZXJjdXJ5RW1pc3Npb25Db250cm9sX1JHQl9ORUdBVElWXzUwcHgucG5n\"\/>\n\t\t\t\t\t\t<img data-src=\"\/\/www.iem.eu\/wp-content\/uploads\/Quecksilberfrei-MEC1-768x387.png\" data-libid=\"2895\" data-lib=\"medialibrary\" alt=\"Quecksilberfrei-MEC\" title=\"Quecksilberfrei-MEC\" width=\"0\" height=\"0\" data-dbsrc=\"Ly93d3cuaWVtLmV1L3dwLWNvbnRlbnQvdXBsb2Fkcy9RdWVja3NpbGJlcmZyZWktTUVDMS03Njh4Mzg3LnBuZw==\"\/>\n\t\t\t\t\t\t<img data-src=\"\/\/www.iem.eu\/wp-content\/uploads\/sdfsfd.jpg\" data-libid=\"3891\" data-lib=\"medialibrary\" alt=\"IEM Gittermasten\" title=\"IEM Gittermasten\" width=\"0\" height=\"0\" data-dbsrc=\"Ly93d3cuaWVtLmV1L3dwLWNvbnRlbnQvdXBsb2Fkcy9zZGZzZmQuanBn\"\/>\n\t\t\t\t\t<\/image_lists>\n\t\t\t\t<\/sr7-module>\n\t\t\t\t<script>\n\t\t\t\t\twindow.SR7 ??={};SR7.PMH ??={}; SR7.PMH[\"SR7_82_1\"] = {cn:100,state:false,fn: function() { if (window._tpt!==undefined && window._tpt.prepareModuleHeight !== undefined) {  _tpt.prepareModuleHeight({id:\"SR7_82_1\",el:[600,600,600,600,600],type:'carousel',shdw:'0',gh:[600,600,600,600,480],gw:[600,600,600,600,480],vpt:['-200px'],size:{fullWidth:true, fullHeight:false},mh:'0',onh:0,onw:0,bg:{color:'{\"type\":\"solid\",\"orig\":\"#eef0f1\",\"string\":\"rgba(238, 240, 241, 1)\"}'},carousel:{pt:'0',pb:'0'},plType:'-1',plColor:'#FFFFFF'});   SR7.PMH[\"SR7_82_1\"].state=true;} else if(SR7.PMH[\"SR7_82_1\"].cn-->0)\tsetTimeout( SR7.PMH[\"SR7_82_1\"].fn,19);}};SR7.PMH[\"SR7_82_1\" ].fn();\n\t\t\t\t<\/script>\n[\/vc_column][\/vc_row][\/vc_section][vc_row full_width=&#8221;stretch_row_content_no_spaces&#8221;][vc_column][vc_raw_html css=&#8221;&#8221;]JTNDZGl2JTIwY2xhc3MlM0QlMjJob21lYi1mbGV4LWNvbnRhaW5lciUyMiUzRSUwQSUwOSUzQ2ElMjBjbGFzcyUzRCUyMmhvbWViLXNpbmdsZSUyMGxvY2FsLXNjcm9sbCUyMiUyMGhyZWYlM0QlMjIlMkZzZXJ2aWNlcyUyMiUzRSU1QmZvbnRfYXdlc29tZSUyMGljb24lM0QlMjJjdWJlcyUyMiU1RCUzQ3AlM0VTZXJ2aWNlcyUzQyUyRnAlM0UlM0MlMkZhJTNFJTBBJTA5JTNDYSUyMGNsYXNzJTNEJTIyaG9tZWItc2luZ2xlJTIwbG9jYWwtc2Nyb2xsJTIyJTIwaHJlZiUzRCUyMiUyRnByb2R1Y3RzJTIyJTNFJTVCZm9udF9hd2Vzb21lJTIwaWNvbiUzRCUyMmFyY2hpdmUlMjIlNUQlM0NwJTNFUHJvZHVjdHMlM0MlMkZwJTNFJTNDJTJGYSUzRSUwQSUwOSUzQ2ElMjBjbGFzcyUzRCUyMmhvbWViLXNpbmdsZSUyMGxvY2FsLXNjcm9sbCUyMiUyMGhyZWYlM0QlMjIlMkZpbmR1c3RyaWVzJTIyJTNFJTVCZm9udF9hd2Vzb21lJTIwaWNvbiUzRCUyMmNvZ3MlMjIlNUQlM0NwJTNFSW5kdXN0aWVzJTNDJTJGcCUzRSUzQyUyRmElM0UlMEElMDklM0NhJTIwY2xhc3MlM0QlMjJob21lYi1zaW5nbGUlMjBsb2NhbC1zY3JvbGwlMjIlMjBocmVmJTNEJTIyJTJGcmVmZXJlbmNlcyUyMiUzRSU1QmZvbnRfYXdlc29tZSUyMGljb24lM0QlMjJnbG9iZSUyMiU1RCUzQ3AlM0VSZWZlcmVuY2VzJTNDJTJGcCUzRSUzQyUyRmElM0UlMEElMDklM0NhJTIwY2xhc3MlM0QlMjJob21lYi1zaW5nbGUlMjBsb2NhbC1zY3JvbGwlMjIlMjBocmVmJTNEJTIyJTJGYWZ0ZXJzYWxlcyUyMiUzRSU1QmZvbnRfYXdlc29tZSUyMGljb24lM0QlMjJjbG91ZCUyMiU1RCUzQ3AlM0VBZnRlci1TYWxlcyUzQyUyRnAlM0UlM0MlMkZhJTNFJTBBJTA5JTNDYSUyMGNsYXNzJTNEJTIyaG9tZWItc2luZ2xlJTIyJTIwaHJlZiUzRCUyMiUyRmNvbnRha3QlMjIlM0UlNUJmb250X2F3ZXNvbWUlMjBpY29uJTNEJTIyY29tbWVudHMlMjIlNUQlM0NwJTNFQ29udGFrdCUzQyUyRnAlM0UlM0MlMkZhJTNFJTBBJTNDJTJGZGl2JTNF[\/vc_raw_html][\/vc_column][\/vc_row][vc_row][vc_column width=&#8221;1\/4&#8243;]<div class=\"vcex-spacing wpex-w-100 wpex-clear\" style=\"height:60px;\"><\/div>[vc_single_image image=&#8221;4964&#8243; css=&#8221;&#8221; img_hover=&#8221;grayscale&#8221;][\/vc_column][vc_column width=&#8221;1\/4&#8243;]<div class=\"vcex-spacing wpex-w-100 wpex-clear\" style=\"height:60px;\"><\/div>[vc_single_image image=&#8221;4982&#8243; css=&#8221;&#8221; img_hover=&#8221;grayscale&#8221;][\/vc_column][vc_column width=&#8221;1\/4&#8243;]<div class=\"vcex-spacing wpex-w-100 wpex-clear\" style=\"height:60px;\"><\/div>[vc_single_image image=&#8221;4949&#8243; css=&#8221;&#8221; img_hover=&#8221;grayscale&#8221;][\/vc_column][vc_column width=&#8221;1\/4&#8243;]<div class=\"vcex-spacing wpex-w-100 wpex-clear\" style=\"height:60px;\"><\/div>[vc_single_image image=&#8221;4955&#8243; css=&#8221;&#8221; img_hover=&#8221;grayscale&#8221;][\/vc_column][\/vc_row][vc_row][vc_column]<div class=\"vcex-spacing wpex-w-100 wpex-clear\"><\/div>[\/vc_column][\/vc_row][vc_row full_width=&#8221;stretch_row&#8221; gap=&#8221;35&#8243; equal_height=&#8221;yes&#8221; rtl_reverse=&#8221;yes&#8221; parallax=&#8221;content-moving-fade&#8221; parallax_image=&#8221;809&#8243; parallax_speed_bg=&#8221;2&#8243; tablet_fullwidth_cols=&#8221;yes&#8221; wpex_shape_divider_top=&#8221;triangle_asymmetrical&#8221; wpex_bg_overlay=&#8221;color&#8221; css=&#8221;.vc_custom_1606744089405{padding-top: 25px !important;}&#8221; wpex_bg_overlay_color=&#8221;#00559f&#8221; min_height=&#8221;350&#8243;][vc_column width=&#8221;3\/4&#8243;][\/vc_column][\/vc_row][vc_row css=&#8221;.vc_custom_1555337659368{margin-bottom: 0px !important;}&#8221;][vc_column css=&#8221;.vc_custom_1555337693792{margin-bottom: 0px !important;}&#8221;]<div class=\"vcex-spacing wpex-w-100 wpex-clear vc_column-inner\"><\/div>[\/vc_column][\/vc_row]\n<\/div>","protected":false},"excerpt":{"rendered":"<p>Die IEM F\u00f6rderTechnik GmbH ist Ihr Partner rund um das Thema F\u00f6rdertechnik und Metallbau. Seit nun mehr als 50 Jahren sind wir Ihr Spezialist f\u00fcr kundenspezifische Anforderungen bei Umbauten oder Neuanlagen.<\/p>\n","protected":false},"author":4,"featured_media":1575,"parent":0,"menu_order":0,"comment_status":"closed","ping_status":"closed","template":"","meta":{"footnotes":""},"class_list":["post-1573","page","type-page","status-publish","has-post-thumbnail","hentry","entry","has-media"],"_links":{"self":[{"href":"https:\/\/www.iem.eu\/en\/wp-json\/wp\/v2\/pages\/1573","targetHints":{"allow":["GET"]}}],"collection":[{"href":"https:\/\/www.iem.eu\/en\/wp-json\/wp\/v2\/pages"}],"about":[{"href":"https:\/\/www.iem.eu\/en\/wp-json\/wp\/v2\/types\/page"}],"author":[{"embeddable":true,"href":"https:\/\/www.iem.eu\/en\/wp-json\/wp\/v2\/users\/4"}],"replies":[{"embeddable":true,"href":"https:\/\/www.iem.eu\/en\/wp-json\/wp\/v2\/comments?post=1573"}],"version-history":[{"count":36,"href":"https:\/\/www.iem.eu\/en\/wp-json\/wp\/v2\/pages\/1573\/revisions"}],"predecessor-version":[{"id":6836,"href":"https:\/\/www.iem.eu\/en\/wp-json\/wp\/v2\/pages\/1573\/revisions\/6836"}],"wp:featuredmedia":[{"embeddable":true,"href":"https:\/\/www.iem.eu\/en\/wp-json\/wp\/v2\/media\/1575"}],"wp:attachment":[{"href":"https:\/\/www.iem.eu\/en\/wp-json\/wp\/v2\/media?parent=1573"}],"curies":[{"name":"wp","href":"https:\/\/api.w.org\/{rel}","templated":true}]}}