{"id":1834,"date":"2019-11-21T10:06:59","date_gmt":"2019-11-21T09:06:59","guid":{"rendered":"https:\/\/www.iem.eu\/?page_id=1834"},"modified":"2022-04-22T09:52:22","modified_gmt":"2022-04-22T07:52:22","slug":"international","status":"publish","type":"page","link":"https:\/\/www.iem.eu\/en\/international","title":{"rendered":"International"},"content":{"rendered":"<div class=\"wpb-content-wrapper\">[vc_row full_width=&#8221;stretch_row&#8221; tablet_fullwidth_cols=&#8221;yes&#8221;][vc_column]<div class=\"vcex-spacing wpex-w-100 wpex-clear vc_column-inner\"><\/div><h1 class=\"vcex-heading vcex-heading-plain vcex-module wpex-heading wpex-text-2xl\"><span class=\"vcex-heading-inner wpex-inline-block\"><span class=\"span-h1\">IEM F\u00f6rderTechnik<\/span>International<\/span><\/h1><div class=\"vcex-spacing wpex-w-100 wpex-clear vc_column-inner\"><\/div>[\/vc_column][\/vc_row][vc_row full_width=&#8221;stretch_row_content_no_spaces&#8221;][vc_column][vc_raw_html]JTNDZGl2JTIwY2xhc3MlM0QlMjJob21lYi1mbGV4LWNvbnRhaW5lciUyMiUzRSUwQSUwOSUzQ2ElMjBjbGFzcyUzRCUyMmhvbWViLXNpbmdsZSUyMGljb24tYmx1ZSUyMGxvY2FsLXNjcm9sbCUyMiUyMGhyZWYlM0QlMjIlMjNjaGluYSUyMiUzRSUzQ3AlMjBjbGFzcyUzRCUyMmJsYW5rJTIyJTNFJTNDJTJGcCUzRSUzQ3AlM0VDaGluYSUzQyUyRnAlM0UlM0MlMkZhJTNFJTBBJTA5JTNDYSUyMGNsYXNzJTNEJTIyaG9tZWItc2luZ2xlJTIwaWNvbi1ibHVlJTIwbG9jYWwtc2Nyb2xsJTIyJTIwaHJlZiUzRCUyMiUyM3J1c3NpYSUyMiUzRSUzQ3AlMjBjbGFzcyUzRCUyMmJsYW5rJTIyJTNFJTNDJTJGcCUzRSUzQ3AlM0VSdXNzaWElM0MlMkZwJTNFJTNDJTJGYSUzRSUwQSUwOSUzQ2ElMjBjbGFzcyUzRCUyMmhvbWViLXNpbmdsZSUyMGljb24tYmx1ZSUyMGxvY2FsLXNjcm9sbCUyMiUyMGhyZWYlM0QlMjIlMjNmcmFuY2UlMjIlM0UlM0NwJTIwY2xhc3MlM0QlMjJibGFuayUyMiUzRSUzQyUyRnAlM0UlM0NwJTNFRnJhbmNlJTNDJTJGcCUzRSUzQyUyRmElM0UlMEElMDklMDklMDklM0NhJTIwY2xhc3MlM0QlMjJob21lYi1zaW5nbGUlMjBpY29uLWJsdWUlMjBsb2NhbC1zY3JvbGwlMjIlMjBocmVmJTNEJTIyJTIzdWslMjIlM0UlM0NwJTIwY2xhc3MlM0QlMjJibGFuayUyMiUzRSUzQyUyRnAlM0UlM0NwJTNFR3JlYXQlMjBCcml0YWluJTNDJTJGcCUzRSUzQyUyRmElM0UlMEElM0MlMkZkaXYlM0U=[\/vc_raw_html]<div class=\"vcex-spacing wpex-w-100 wpex-clear vc_column-inner\"><\/div>[\/vc_column][\/vc_row][vc_section css=&#8221;.vc_custom_1556900567572{padding-top: 50px !important;}&#8221; local_scroll_id=&#8221;china&#8221;][vc_row full_width=&#8221;stretch_row&#8221; remove_bottom_col_margin=&#8221;true&#8221; css=&#8221;.vc_custom_1556901836786{margin-bottom: 25px !important;}&#8221;][vc_column width=&#8221;2\/12&#8243;]<figure class=\"vcex-image vcex-module\"><div class=\"vcex-image-inner wpex-relative wpex-inline-block vc_custom_1556901813500\"><img loading=\"lazy\" class=\"vcex-image-img wpex-align-middle\" alt=\"Chinese Flag\" decoding=\"async\" src=\"https:\/\/www.iem.eu\/wp-content\/uploads\/flag_china-300x200-150x100.png\" srcset=\"https:\/\/www.iem.eu\/wp-content\/uploads\/flag_china-300x200-150x100.png 150w, https:\/\/www.iem.eu\/wp-content\/uploads\/flag_china-300x200.png 300w\" width=\"150\" height=\"100\"><\/div><\/figure>[\/vc_column][vc_column width=&#8221;10\/12&#8243;][vc_row_inner][vc_column_inner]<h1 class=\"vcex-heading vcex-heading-plain vcex-module wpex-heading wpex-text-2xl vc_custom_1556900638158\"><span class=\"vcex-heading-inner wpex-inline-block\">China<\/span><\/h1>[\/vc_column_inner][\/vc_row_inner][vc_row_inner][vc_column_inner][vc_column_text css=&#8221;.vc_custom_1556900828946{margin-bottom: 15px !important;}&#8221;]IEM\u516c\u53f8\u4e3a\u5168\u7403\u5ba2\u6237\u63d0\u4f9b\u751f\u4ea7\u8bbe\u65bd\u548c\u529e\u516c\u5ba4 \u5982\u679c\u60a8\u611f\u5174\u8da3\uff0c\u8bf7\u76f4\u63a5\u8054\u7cfb\u6211\u4eec\u7684\u4e2d\u56fd\u5206\u516c\u53f8\uff0c\u7533\u5148\u751f\uff08\u4e2d\/\u82f1\uff09\u6216 Mr.Van den Boom(\u5fb7\/\u82f1\uff09\u8be6\u60c5\u8bf7\u767b\u5f55\u6211\u4eec\u7684\u7f51\u7ad9www.iem.eu[\/vc_column_text][\/vc_column_inner][\/vc_row_inner][\/vc_column][\/vc_row][vc_row css=&#8221;.vc_custom_1555337659368{margin-bottom: 0px !important;}&#8221;][vc_column css=&#8221;.vc_custom_1555337693792{margin-bottom: 0px !important;}&#8221;]<div class=\"vcex-spacing wpex-w-100 wpex-clear vc_column-inner\"><\/div><div class=\"vcex-module vcex-divider vcex-divider-dotted-line vcex-divider-center wpex-mx-auto wpex-max-w-100 wpex-block wpex-h-0 wpex-border-b-2 wpex-border-dotted wpex-border-main\" style=\"width:100%;margin-block-end:0px;border-color:#9da3a7;\"><\/div><div class=\"vcex-spacing wpex-w-100 wpex-clear vc_column-inner\"><\/div>[\/vc_column][\/vc_row][\/vc_section][vc_section css=&#8221;.vc_custom_1556900945247{padding-top: 50px !important;}&#8221; local_scroll_id=&#8221;russia&#8221;][vc_row full_width=&#8221;stretch_row&#8221; remove_bottom_col_margin=&#8221;true&#8221; tablet_fullwidth_cols=&#8221;yes&#8221; css=&#8221;.vc_custom_1555404215847{margin-bottom: 25px !important;}&#8221;][vc_column width=&#8221;2\/12&#8243;]<figure class=\"vcex-image vcex-module\"><div class=\"vcex-image-inner wpex-relative wpex-inline-block vc_custom_1558341144624\"><img loading=\"lazy\" class=\"vcex-image-img wpex-align-middle\" alt=\"Russian Flag\" decoding=\"async\" src=\"https:\/\/www.iem.eu\/wp-content\/uploads\/Flag_of_Russia-300x200-150x100.png\" srcset=\"https:\/\/www.iem.eu\/wp-content\/uploads\/Flag_of_Russia-300x200-150x100.png 150w, https:\/\/www.iem.eu\/wp-content\/uploads\/Flag_of_Russia-300x200.png 300w\" width=\"150\" height=\"100\"><\/div><\/figure>[\/vc_column][vc_column width=&#8221;10\/12&#8243;][vc_row_inner][vc_column_inner]<h1 class=\"vcex-heading vcex-heading-plain vcex-module wpex-heading wpex-text-2xl vc_custom_1556900938985\"><span class=\"vcex-heading-inner wpex-inline-block\">Russia<\/span><\/h1>[\/vc_column_inner][\/vc_row_inner][vc_row_inner][vc_column_inner][vc_column_text css=&#8221;.vc_custom_1556901024337{margin-bottom: 15px !important;}&#8221;]\u041a\u043e\u043c\u043f\u0430\u043d\u0438\u044f IEM \u0438\u043c\u0435\u0435\u0442 \u043f\u0440\u0435\u0434\u0441\u0442\u0430\u0432\u0438\u0442\u0435\u043b\u044c\u0441\u0442\u0432\u0430 \u0438 \u043f\u0440\u043e\u0438\u0437\u0432\u043e\u0434\u0441\u0442\u0432\u0435\u043d\u043d\u044b\u0435 \u043f\u043b\u043e\u0449\u0430\u0434\u043a\u0438 \u0432 \u0440\u0430\u0437\u043b\u0438\u0447\u043d\u044b\u0445 \u0441\u0442\u0440\u0430\u043d\u0430\u0445.<br \/>\n\u041f\u0440\u043e\u0441\u0438\u043c \u0412\u0430\u0441 \u043e\u0431\u0440\u0430\u0449\u0430\u0442\u044c\u0441\u044f \u043a \u043d\u0430\u043c \u0435\u0441\u043b\u0438 \u0412\u044b \u0445\u043e\u0442\u0438\u0442\u0435 \u0441\u0432\u044f\u0437\u0430\u0442\u044c\u0441\u044f \u0441 \u043d\u0430\u0448\u0438\u043c \u043f\u0440\u0435\u0434\u0441\u0442\u0430\u0432\u0438\u0442\u0435\u043b\u0435\u043c \u0432 \u0420\u043e\u0441\u0441\u0438\u0438. \u041f\u043e\u0441\u043b\u0435 \u0412\u0430\u0448\u0435\u0433\u043e \u043e\u0431\u0440\u0430\u0449\u0435\u043d\u0438\u044f \u043e\u0442\u0432\u0435\u0442 \u0431\u0443\u0434\u0435\u0442 \u043f\u0440\u0435\u0434\u043e\u0441\u0442\u0430\u0432\u043b\u0435\u043d \u0432 \u0431\u043b\u0438\u0436\u0430\u0439\u0448\u0435\u0435 \u0432\u0440\u0435\u043c\u044f.<br \/>\n\u0411\u043e\u043b\u0435\u0435 \u043f\u043e\u0434\u0440\u043e\u0431\u043d\u0443\u044e \u0438\u043d\u0444\u043e\u0440\u043c\u0430\u0446\u0438\u044e \u043e \u043a\u043e\u043c\u043f\u0430\u043d\u0438\u0438 \u0412\u044b \u043d\u0430\u0439\u0434\u0435\u0442\u0435 \u043d\u0430 \u043d\u0430\u0448\u0435\u043c \u0441\u0430\u0439\u0442\u0435 www.iem.eu[\/vc_column_text][\/vc_column_inner][\/vc_row_inner][\/vc_column][\/vc_row][vc_row css=&#8221;.vc_custom_1555337659368{margin-bottom: 0px !important;}&#8221;][vc_column css=&#8221;.vc_custom_1555337693792{margin-bottom: 0px !important;}&#8221;]<div class=\"vcex-spacing wpex-w-100 wpex-clear vc_column-inner\"><\/div><div class=\"vcex-module vcex-divider vcex-divider-dotted-line vcex-divider-center wpex-mx-auto wpex-max-w-100 wpex-block wpex-h-0 wpex-border-b-2 wpex-border-dotted wpex-border-main\" style=\"width:100%;margin-block-end:0px;border-color:#9da3a7;\"><\/div><div class=\"vcex-spacing wpex-w-100 wpex-clear vc_column-inner\"><\/div>[\/vc_column][\/vc_row][\/vc_section][vc_section css=&#8221;.vc_custom_1556902130758{padding-top: 50px !important;}&#8221; local_scroll_id=&#8221;france&#8221;][vc_row full_width=&#8221;stretch_row&#8221; remove_bottom_col_margin=&#8221;true&#8221; tablet_fullwidth_cols=&#8221;yes&#8221; css=&#8221;.vc_custom_1555404215847{margin-bottom: 25px !important;}&#8221;][vc_column width=&#8221;2\/12&#8243;]<figure class=\"vcex-image vcex-module\"><div class=\"vcex-image-inner wpex-relative wpex-inline-block vc_custom_1558341202965\"><img loading=\"lazy\" class=\"vcex-image-img wpex-align-middle\" alt=\"French Flag\" decoding=\"async\" src=\"https:\/\/www.iem.eu\/wp-content\/uploads\/Flag_of_France-300x200-150x100.png\" srcset=\"https:\/\/www.iem.eu\/wp-content\/uploads\/Flag_of_France-300x200-150x100.png 150w, https:\/\/www.iem.eu\/wp-content\/uploads\/Flag_of_France-300x200.png 300w\" width=\"150\" height=\"100\"><\/div><\/figure>[\/vc_column][vc_column width=&#8221;10\/12&#8243;][vc_row_inner][vc_column_inner]<h1 class=\"vcex-heading vcex-heading-plain vcex-module wpex-heading wpex-text-2xl vc_custom_1556901482397\"><span class=\"vcex-heading-inner wpex-inline-block\">France<\/span><\/h1>[\/vc_column_inner][\/vc_row_inner][vc_row_inner][vc_column_inner][vc_column_text css=&#8221;.vc_custom_1650613940064{margin-bottom: 15px !important;}&#8221;]La soci\u00e9t\u00e9 IEM F\u00f6rderTechnik dispose des sites de production et des bureaux au niveau international.[\/vc_column_text][\/vc_column_inner][\/vc_row_inner][\/vc_column][\/vc_row][vc_row css=&#8221;.vc_custom_1555337659368{margin-bottom: 0px !important;}&#8221;][vc_column css=&#8221;.vc_custom_1555337693792{margin-bottom: 0px !important;}&#8221;]<div class=\"vcex-spacing wpex-w-100 wpex-clear vc_column-inner\"><\/div><div class=\"vcex-module vcex-divider vcex-divider-dotted-line vcex-divider-center wpex-mx-auto wpex-max-w-100 wpex-block wpex-h-0 wpex-border-b-2 wpex-border-dotted wpex-border-main\" style=\"width:100%;margin-block-end:0px;border-color:#9da3a7;\"><\/div><div class=\"vcex-spacing wpex-w-100 wpex-clear vc_column-inner\"><\/div>[\/vc_column][\/vc_row][\/vc_section][vc_section css=&#8221;.vc_custom_1556902050680{padding-top: 50px !important;}&#8221; local_scroll_id=&#8221;uk&#8221;][vc_row full_width=&#8221;stretch_row&#8221; remove_bottom_col_margin=&#8221;true&#8221; tablet_fullwidth_cols=&#8221;yes&#8221; css=&#8221;.vc_custom_1555404215847{margin-bottom: 25px !important;}&#8221;][vc_column width=&#8221;2\/12&#8243;]<figure class=\"vcex-image vcex-module\"><div class=\"vcex-image-inner wpex-relative wpex-inline-block vc_custom_1556901994156\"><img loading=\"lazy\" class=\"vcex-image-img wpex-align-middle\" alt=\"British Flag\" decoding=\"async\" src=\"https:\/\/www.iem.eu\/wp-content\/uploads\/flag_of_uk-300x200-150x100.png\" srcset=\"https:\/\/www.iem.eu\/wp-content\/uploads\/flag_of_uk-300x200-150x100.png 150w, https:\/\/www.iem.eu\/wp-content\/uploads\/flag_of_uk-300x200.png 300w\" width=\"150\" height=\"100\"><\/div><\/figure>[\/vc_column][vc_column width=&#8221;10\/12&#8243;][vc_row_inner][vc_column_inner]<h1 class=\"vcex-heading vcex-heading-plain vcex-module wpex-heading wpex-text-2xl vc_custom_1556902002128\"><span class=\"vcex-heading-inner wpex-inline-block\">Great Britain<\/span><\/h1>[\/vc_column_inner][\/vc_row_inner][vc_row_inner][vc_column_inner][vc_column_text css=&#8221;.vc_custom_1556902008741{margin-bottom: 15px !important;}&#8221;]IEM F\u00f6rderTechnik is offering international production facilities as well as offices.<br \/>\nIf you would like to contact our English branch, please contact Greenbank.<br \/>\nFor further information visit www.iem.eu[\/vc_column_text][\/vc_column_inner][\/vc_row_inner][\/vc_column][\/vc_row][vc_row css=&#8221;.vc_custom_1555337659368{margin-bottom: 0px !important;}&#8221;][vc_column css=&#8221;.vc_custom_1555337693792{margin-bottom: 0px !important;}&#8221;]<div class=\"vcex-spacing wpex-w-100 wpex-clear vc_column-inner\"><\/div><div class=\"vcex-spacing wpex-w-100 wpex-clear vc_column-inner\"><\/div>[\/vc_column][\/vc_row][\/vc_section]\n<\/div>","protected":false},"excerpt":{"rendered":"<p>[vc_row full_width=&#8221;stretch_row&#8221; tablet_fullwidth_cols=&#8221;yes&#8221;][vc_column][\/vc_column][\/vc_row][vc_row full_width=&#8221;stretch_row_content_no_spaces&#8221;][vc_column][vc_raw_html]JTNDZGl2JTIwY2xhc3MlM0QlMjJob21lYi1mbGV4LWNvbnRhaW5lciUyMiUzRSUwQSUwOSUzQ2ElMjBjbGFzcyUzRCUyMmhvbWViLXNpbmdsZSUyMGljb24tYmx1ZSUyMGxvY2FsLXNjcm9sbCUyMiUyMGhyZWYlM0QlMjIlMjNjaGluYSUyMiUzRSUzQ3AlMjBjbGFzcyUzRCUyMmJsYW5rJTIyJTNFJTNDJTJGcCUzRSUzQ3AlM0VDaGluYSUzQyUyRnAlM0UlM0MlMkZhJTNFJTBBJTA5JTNDYSUyMGNsYXNzJTNEJTIyaG9tZWItc2luZ2xlJTIwaWNvbi1ibHVlJTIwbG9jYWwtc2Nyb2xsJTIyJTIwaHJlZiUzRCUyMiUyM3J1c3NpYSUyMiUzRSUzQ3AlMjBjbGFzcyUzRCUyMmJsYW5rJTIyJTNFJTNDJTJGcCUzRSUzQ3AlM0VSdXNzaWElM0MlMkZwJTNFJTNDJTJGYSUzRSUwQSUwOSUzQ2ElMjBjbGFzcyUzRCUyMmhvbWViLXNpbmdsZSUyMGljb24tYmx1ZSUyMGxvY2FsLXNjcm9sbCUyMiUyMGhyZWYlM0QlMjIlMjNmcmFuY2UlMjIlM0UlM0NwJTIwY2xhc3MlM0QlMjJibGFuayUyMiUzRSUzQyUyRnAlM0UlM0NwJTNFRnJhbmNlJTNDJTJGcCUzRSUzQyUyRmElM0UlMEElMDklMDklMDklM0NhJTIwY2xhc3MlM0QlMjJob21lYi1zaW5nbGUlMjBpY29uLWJsdWUlMjBsb2NhbC1zY3JvbGwlMjIlMjBocmVmJTNEJTIyJTIzdWslMjIlM0UlM0NwJTIwY2xhc3MlM0QlMjJibGFuayUyMiUzRSUzQyUyRnAlM0UlM0NwJTNFR3JlYXQlMjBCcml0YWluJTNDJTJGcCUzRSUzQyUyRmElM0UlMEElM0MlMkZkaXYlM0U=[\/vc_raw_html][\/vc_column][\/vc_row][vc_section css=&#8221;.vc_custom_1556900567572{padding-top: 50px !important;}&#8221; local_scroll_id=&#8221;china&#8221;][vc_row full_width=&#8221;stretch_row&#8221; remove_bottom_col_margin=&#8221;true&#8221; css=&#8221;.vc_custom_1556901836786{margin-bottom: 25px !important;}&#8221;][vc_column width=&#8221;2\/12&#8243;][\/vc_column][vc_column width=&#8221;10\/12&#8243;][vc_row_inner][vc_column_inner][\/vc_column_inner][\/vc_row_inner][vc_row_inner][vc_column_inner][vc_column_text css=&#8221;.vc_custom_1556900828946{margin-bottom: 15px !important;}&#8221;]IEM\u516c\u53f8\u4e3a\u5168\u7403\u5ba2\u6237\u63d0\u4f9b\u751f\u4ea7\u8bbe\u65bd\u548c\u529e\u516c\u5ba4 \u5982\u679c\u60a8\u611f\u5174\u8da3\uff0c\u8bf7\u76f4\u63a5\u8054\u7cfb\u6211\u4eec\u7684\u4e2d\u56fd\u5206\u516c\u53f8\uff0c\u7533\u5148\u751f\uff08\u4e2d\/\u82f1\uff09\u6216 Mr.Van den Boom(\u5fb7\/\u82f1\uff09\u8be6\u60c5\u8bf7\u767b\u5f55\u6211\u4eec\u7684\u7f51\u7ad9www.iem.eu[\/vc_column_text][\/vc_column_inner][\/vc_row_inner][\/vc_column][\/vc_row][vc_row css=&#8221;.vc_custom_1555337659368{margin-bottom: 0px !important;}&#8221;][vc_column css=&#8221;.vc_custom_1555337693792{margin-bottom: 0px !important;}&#8221;][\/vc_column][\/vc_row][\/vc_section][vc_section css=&#8221;.vc_custom_1556900945247{padding-top: 50px !important;}&#8221; local_scroll_id=&#8221;russia&#8221;][vc_row full_width=&#8221;stretch_row&#8221; remove_bottom_col_margin=&#8221;true&#8221; tablet_fullwidth_cols=&#8221;yes&#8221; css=&#8221;.vc_custom_1555404215847{margin-bottom: 25px !important;}&#8221;][vc_column width=&#8221;2\/12&#8243;][\/vc_column][vc_column width=&#8221;10\/12&#8243;][vc_row_inner][vc_column_inner][\/vc_column_inner][\/vc_row_inner][vc_row_inner][vc_column_inner][vc_column_text css=&#8221;.vc_custom_1556901024337{margin-bottom: 15px !important;}&#8221;]\u041a\u043e\u043c\u043f\u0430\u043d\u0438\u044f IEM \u0438\u043c\u0435\u0435\u0442 \u043f\u0440\u0435\u0434\u0441\u0442\u0430\u0432\u0438\u0442\u0435\u043b\u044c\u0441\u0442\u0432\u0430 \u0438 \u043f\u0440\u043e\u0438\u0437\u0432\u043e\u0434\u0441\u0442\u0432\u0435\u043d\u043d\u044b\u0435 \u043f\u043b\u043e\u0449\u0430\u0434\u043a\u0438 \u0432 \u0440\u0430\u0437\u043b\u0438\u0447\u043d\u044b\u0445 \u0441\u0442\u0440\u0430\u043d\u0430\u0445. \u041f\u0440\u043e\u0441\u0438\u043c \u0412\u0430\u0441 \u043e\u0431\u0440\u0430\u0449\u0430\u0442\u044c\u0441\u044f&hellip;<\/p>\n","protected":false},"author":4,"featured_media":1575,"parent":0,"menu_order":0,"comment_status":"closed","ping_status":"closed","template":"","meta":{"footnotes":""},"class_list":["post-1834","page","type-page","status-publish","has-post-thumbnail","hentry","entry","has-media"],"_links":{"self":[{"href":"https:\/\/www.iem.eu\/en\/wp-json\/wp\/v2\/pages\/1834","targetHints":{"allow":["GET"]}}],"collection":[{"href":"https:\/\/www.iem.eu\/en\/wp-json\/wp\/v2\/pages"}],"about":[{"href":"https:\/\/www.iem.eu\/en\/wp-json\/wp\/v2\/types\/page"}],"author":[{"embeddable":true,"href":"https:\/\/www.iem.eu\/en\/wp-json\/wp\/v2\/users\/4"}],"replies":[{"embeddable":true,"href":"https:\/\/www.iem.eu\/en\/wp-json\/wp\/v2\/comments?post=1834"}],"version-history":[{"count":6,"href":"https:\/\/www.iem.eu\/en\/wp-json\/wp\/v2\/pages\/1834\/revisions"}],"predecessor-version":[{"id":5273,"href":"https:\/\/www.iem.eu\/en\/wp-json\/wp\/v2\/pages\/1834\/revisions\/5273"}],"wp:featuredmedia":[{"embeddable":true,"href":"https:\/\/www.iem.eu\/en\/wp-json\/wp\/v2\/media\/1575"}],"wp:attachment":[{"href":"https:\/\/www.iem.eu\/en\/wp-json\/wp\/v2\/media?parent=1834"}],"curies":[{"name":"wp","href":"https:\/\/api.w.org\/{rel}","templated":true}]}}